{"id":3,"date":"2024-08-07T12:17:03","date_gmt":"2024-08-07T12:17:03","guid":{"rendered":"http:\/\/propertyobserver.pl\/?page_id=3"},"modified":"2024-08-12T09:26:33","modified_gmt":"2024-08-12T09:26:33","slug":"privacy-policy","status":"publish","type":"page","link":"https:\/\/www.propertyobserver.pl\/index.php\/privacy-policy\/","title":{"rendered":"Polityka prywatno\u015bci"},"content":{"rendered":"\n<p><\/p>\n\n\n\n<p>Uszanowanie prywatno\u015bci u\u017cytkownik\u00f3w naszego portalu jest dla nas niebywale wa\u017cne. W dalszej cz\u0119\u015bci dokumentu dowiesz si\u0119 wi\u0119cej o informacjach przekazywanych witrynie, gdy j\u0105 przegl\u0105dasz. Pami\u0119taj, \u017ce nigdy nie przekazujemy za darmo ani odp\u0142atnie tych informacji podmiotom czy osobom trzecim. Korzystaj\u0105c ze stronu urbanity.pl mo\u017cesz si\u0119 czu\u0107 ca\u0142kowicie bezpiecznie.<\/p>\n\n\n\n<h2 class=\"wp-block-heading\">Pliki log\u00f3w<\/h2>\n\n\n\n<p>Podobnie jak niemal wszystkie strony w Internecie zbieramy pliki tzw. log\u00f3w, kt\u00f3re s\u0105 generowane w wyniku aktywno\u015bci u\u017cytkownik\u00f3w na stronie. Pliki te archiwizuj\u0105 numery IP, nazw\u0119 hosta, nazw\u0119 dostawcy Internetu (np. Dialog, Cyfrowy Polsat lub Orange), rodzaj i wersj\u0119 przegl\u0105darki internetowej (np. Chrome, Internet Explorer lub Mozilla Firefox), ca\u0142kowity czas oraz podstrony, kt\u00f3re odwiedzi\u0142 internauta przegl\u0105daj\u0105c zasoby www urbanity.pl.<\/p>\n\n\n\n<h2 class=\"wp-block-heading\">Pliki cookie oraz sygnalizatory WWW<\/h2>\n\n\n\n<p>Witryna korzysta z plik\u00f3w cookie (tzw. ciasteczek) do przechowywania r\u00f3\u017cnych spersonalizowanych informacji, takich jak np. dane o logowaniu na stronie. Pliki cookie mog\u0105 pozostawiac r\u00f3wnie\u017c wy\u015bwietlane tutaj, a pochodz\u0105ce z zewn\u0119trznych serwis\u00f3w, systemy reklam dzi\u0119ki, kt\u00f3rym utzrymuje si\u0119 strona. Cz\u0119\u015b\u0107 reklamodawc\u00f3w (np. Google i jego system reklamowy Google AdSense) mo\u017ce korzysta\u0107 z &#8222;ciasteczek&#8221;, czy tzw. sygnalizator\u00f3w WWW, kt\u00f3re w momencie wy\u015bwietlenia reklamy przesy\u0142aj\u0105 informacje o adresie IP, dostawcy Internetu, rodzaju przegl\u0105darki internetowej oraz o ewentualnie zainstalowanym na komputerze u\u017cytkownika dodatku Flash. Pozwala to na lepsz\u0105 personalizacj\u0119 reklam poprzez tzw. geotargeting (np. wy\u015bwietlanie oferty sklep\u00f3w warszawskich dla u\u017cytkownik\u00f3w ze stolicy) albo dobieranie tematyki wy\u015bwietlanych reklam na podstawie wcze\u015bniej przegl\u0105danych stron (np. je\u017celi kto\u015b przegl\u0105da\u0142 przez ostatni\u0105 godzin\u0119 strony o laptopach, wy\u015bwietli\u0107 mu si\u0119 mog\u0105 oferty sklep\u00f3w z laptopami &#8211; nawet na stronach o tematyce niezwi\u0105zanej z komputerami czy elektronik\u0105).<\/p>\n\n\n\n<h2 class=\"wp-block-heading\">Pliki cookie DoubleClick DART<\/h2>\n\n\n\n<p>Innym rodzajem ciasteczek z kt\u00f3rych korzysta witryna, s\u0105 pliki cookie DART, kt\u00f3re s\u0105 wykorzystywane przez system dostarczania reklamo Google DoubleClick. System ten mo\u017ce tworzy\u0107 pliki cookies gdy odwiedzasz strony wy\u015bwietlaj\u0105ce ten rodzaj reklam internetowych lub niekiedy r\u00f3wnie\u017c reklamy Adsense. Bada on anonimowo zainteresowania u\u017cytkownika i wy\u015bwietla zgodne z nimi reklamy. Dzi\u0119ki temu u\u017cytkownik nie musi ogl\u0105da\u0107 nieinteresuj\u0105cych lub ci\u0105gle tych samych reklam. Warto podkre\u015bli\u0107, \u017ce pliki cookie DART w \u017caden spos\u00f3b nie identyfikuj\u0105 jednoznacznie u\u017cytkownika i nie zapisuj\u0105 informacji typu adres email, imi\u0119, nazwisko internauty czy numeru karty kredytowej.<\/p>\n\n\n\n<p>Ka\u017cdy u\u017cytkownik ma mo\u017cliwo\u015b\u0107 wy\u0142\u0105czenia plik\u00f3w cookies u\u017cywaj\u0105c przeznaczonej do tego funkcji przegl\u0105darki lub instaluj\u0105c przeznaczony do tego program. Nale\u017cy jednak pamieta\u0107, \u017ce takie dzia\u0142anie mo\u017ce uniemo\u017cliwic korzystanie z cz\u0119\u015bci funkcjonalno\u015bci strony, np. logowania si\u0119 na niej.<\/p>\n\n\n\n<h2 class=\"wp-block-heading\">Ochrona danych u\u017cytkownik\u00f3w posiadaj\u0105cych konto na urbanity.pl<\/h2>\n\n\n\n<p><strong>1 Postanowienia Og\u00f3lne<\/strong><\/p>\n\n\n\n<p>Administratorem danych jest firma WMT Piotr Malina, NIP: 769-210-37-82, REGON: 100507262. Ochrona danych odbywa si\u0119 zgodnie z wymogami powszechnie obowi\u0105zuj\u0105cych przepis\u00f3w prawa, w tym Rozporz\u0105dzenia Parlamentu Europejskiego i Rady (UE) 2016\/679 z dnia 27 kwietnia 2016 r. w sprawie ochrony os\u00f3b fizycznych w zwi\u0105zku z przetwarzaniem danych osobowych i w sprawie swobodnego przep\u0142ywu takich danych (RODO), a ich przechowywanie ma miejsce na zabezpieczonych serwerach.<\/p>\n\n\n\n<p>Szanujemy prawo do prywatno\u015bci i dbamy o bezpiecze\u0144stwo danych. W tym celu u\u017cywany jest m.in. bezpieczny protok\u00f3\u0142 szyfrowania komunikacji (SSL).<\/p>\n\n\n\n<p>Dane osobowe podawane w formularzu rejestracji u\u017cytkownika zwyk\u0142ego lub PRO s\u0105 traktowane jako poufne i nie s\u0105 widoczne dla os\u00f3b nieuprawnionych.<strong>2. Administrator Danych<\/strong><\/p>\n\n\n\n<p>Us\u0142ugodawca jest administratorem danych swoich klient\u00f3w. Oznacza to, \u017ce je\u015bli posiadasz Konto na naszej stronie, to przetwarzamy Twoje dane jak: adres e-mail, numer telefonu, adres IP.<\/p>\n\n\n\n<p>Us\u0142ugodawca jest tak\u017ce administratorem os\u00f3b zapisanych na newsletterDane osobowe przetwarzane s\u0105:<br>a. zgodnie z przepisami dotycz\u0105cymi ochrony danych osobowych,<br>b. zgodnie z wdro\u017con\u0105 Polityk\u0105 Prywatno\u015bci,<br>c. w zakresie i celu niezb\u0119dnym do nawi\u0105zania, ukszta\u0142towania tre\u015bci Umowy, zmiany b\u0105d\u017a jej rozwi\u0105zania oraz prawid\u0142owej realizacji Us\u0142ug \u015bwiadczonych drog\u0105 elektroniczn\u0105,<br>d. w zakresie i celu niezb\u0119dnym do wype\u0142nienia uzasadnionych interes\u00f3w (prawnie usprawiedliwionych cel\u00f3w), a przetwarzanie nie narusza praw i wolno\u015bci osoby, kt\u00f3rej dane dotycz\u0105:<\/p>\n\n\n\n<p>Ka\u017cda osoba, kt\u00f3rej dane dotycz\u0105 (je\u017celi jeste\u015bmy ich administratorem) ma prawo dost\u0119pu do danych, sprostowania, usuni\u0119cia lub ograniczenia przetwarzania, prawo sprzeciwu, prawo wniesienia skargi do organu nadzorczego. Kontakt z osob\u0105 nadzoruj\u0105c\u0105 przetwarzanie danych osobowych w organizacji Us\u0142ugodawcy jest mo\u017cliwy drog\u0105 elektroniczn\u0105 pod adresem e-mail: kontakt@urbanity.pl.<\/p>\n\n\n\n<p>Zastrzegamy sobie prawo do przetwarzania Twoich danych po rozwi\u0105zaniu Umowy lub cofni\u0119ciu zgody tylko w zakresie na potrzeby dochodzenia ewentualnych roszcze\u0144 przed s\u0105dem lub je\u017celi przepisy krajowe albo unijne b\u0105d\u017a prawa mi\u0119dzynarodowego obliguj\u0105 nas do retencji danych. Us\u0142ugodawca ma prawo udost\u0119pnia\u0107 dane osobowe U\u017cytkownika oraz innych jego danych podmiotom upowa\u017cnionym na podstawie w\u0142a\u015bciwych przepis\u00f3w prawa (np. organom \u015bcigania).<\/p>\n\n\n\n<p>Usuni\u0119cie danych osobowych mo\u017ce nast\u0105pi\u0107 na skutek cofni\u0119cia zgody b\u0105d\u017a wniesienia prawnie dopuszczalnego sprzeciwu na przetwarzanie danych osobowych.<\/p>\n\n\n\n<p>Us\u0142ugodawca nie udost\u0119pniania danych osobowych innym podmiotom ani\u017celi upowa\u017cnionym na podstawie w\u0142a\u015bciwych przepis\u00f3w prawa.<\/p>\n\n\n\n<p>Wdro\u017cyli\u015bmy pseudonimizacj\u0119, szyfrowanie danych oraz mamy wprowadzon\u0105 kontrol\u0119 dost\u0119pu dzi\u0119ki czemu minimalizujemy skutki ewentualnego naruszenia bezpiecze\u0144stwa danych.<\/p>\n\n\n\n<p>Dane osobowe przetwarzaj\u0105 osoby wy\u0142\u0105cznie upowa\u017cnione przez nas albo przetwarzaj\u0105cy, z kt\u00f3rymi \u015bci\u015ble wsp\u00f3\u0142pracujemy.<\/p>\n\n\n\n<p>W przypadku nie wyra\u017cenia zgody na powy\u017csze warunki prowadzonej przez nas polityki prywatno\u015bci prosimy o opuszczenie strony.<\/p>\n","protected":false},"excerpt":{"rendered":"Uszanowanie prywatno\u015bci u\u017cytkownik\u00f3w naszego portalu jest dla nas niebywale wa\u017cne. W dalszej cz\u0119\u015bci dokumentu dowiesz si\u0119 wi\u0119cej o&hellip;","protected":false},"author":1,"featured_media":0,"parent":0,"menu_order":0,"comment_status":"closed","ping_status":"open","template":"","meta":{"csco_display_header_overlay":false,"csco_singular_sidebar":"","csco_page_header_type":"","csco_page_load_nextpost":"","csco_post_video_location":[],"csco_post_video_location_hash":"","csco_post_video_url":"","csco_post_video_bg_start_time":0,"csco_post_video_bg_end_time":0,"footnotes":""},"class_list":{"0":"post-3","1":"page","2":"type-page","3":"status-publish","5":"cs-entry","6":"cs-video-wrap"},"_links":{"self":[{"href":"https:\/\/www.propertyobserver.pl\/index.php\/wp-json\/wp\/v2\/pages\/3"}],"collection":[{"href":"https:\/\/www.propertyobserver.pl\/index.php\/wp-json\/wp\/v2\/pages"}],"about":[{"href":"https:\/\/www.propertyobserver.pl\/index.php\/wp-json\/wp\/v2\/types\/page"}],"author":[{"embeddable":true,"href":"https:\/\/www.propertyobserver.pl\/index.php\/wp-json\/wp\/v2\/users\/1"}],"replies":[{"embeddable":true,"href":"https:\/\/www.propertyobserver.pl\/index.php\/wp-json\/wp\/v2\/comments?post=3"}],"version-history":[{"count":1,"href":"https:\/\/www.propertyobserver.pl\/index.php\/wp-json\/wp\/v2\/pages\/3\/revisions"}],"predecessor-version":[{"id":2132,"href":"https:\/\/www.propertyobserver.pl\/index.php\/wp-json\/wp\/v2\/pages\/3\/revisions\/2132"}],"wp:attachment":[{"href":"https:\/\/www.propertyobserver.pl\/index.php\/wp-json\/wp\/v2\/media?parent=3"}],"curies":[{"name":"wp","href":"https:\/\/api.w.org\/{rel}","templated":true}]}}